{"id":19,"date":"2022-04-26T23:37:29","date_gmt":"2022-04-26T23:37:29","guid":{"rendered":"https:\/\/sanibleu.com\/carriere\/?page_id=19"},"modified":"2025-09-15T14:19:12","modified_gmt":"2025-09-15T18:19:12","slug":"candidature-spontanee","status":"publish","type":"page","link":"https:\/\/sanibleu.com\/carriere\/candidature-spontanee\/","title":{"rendered":"Candidature spontan\u00e9e"},"content":{"rendered":"\n<p>Tu cherches un emploi avec de bonnes conditions dans une entreprise aux valeurs familiales o\u00f9 on te fait confiance?<\/p>\n\n\n\n<p>Tu veux travailler physiquement, mais pas trop? Dehors, mais en pouvant te r\u00e9chauffer dans ton camion r\u00e9guli\u00e8rement?<\/p>\n\n\n\n<p><strong>Envoie ton CV maintenant!<\/strong><\/p>\n","protected":false},"excerpt":{"rendered":"<p>Tu cherches un emploi avec de bonnes conditions dans une entreprise aux valeurs familiales o\u00f9 on te fait confiance? Tu veux travailler physiquement, mais pas trop? Dehors, mais en pouvant te r\u00e9chauffer dans ton camion r\u00e9guli\u00e8rement? Envoie ton CV maintenant!<\/p>\n","protected":false},"author":1,"featured_media":0,"parent":0,"menu_order":2,"comment_status":"closed","ping_status":"closed","template":"page-smrh-spontanee.php","meta":{"footnotes":""},"class_list":["post-19","page","type-page","status-publish","hentry"],"acf":[],"yoast_head":"<!-- This site is optimized with the Yoast SEO plugin v18.8 - https:\/\/yoast.com\/wordpress\/plugins\/seo\/ -->\n<title>Postuler pour un emploi de livreur r\u00e9gion de Qu\u00e9bec<\/title>\n<meta name=\"description\" content=\"Emploi physique, mais pas trop, \u00e0 l\u2019ext\u00e9rieur, au volant d\u2019un camion r\u00e9cent et avec de belles conditions de travail\" \/>\n<meta name=\"robots\" content=\"index, follow, max-snippet:-1, max-image-preview:large, max-video-preview:-1\" \/>\n<link rel=\"canonical\" href=\"https:\/\/sanibleu.com\/carriere\/candidature-spontanee\/\" \/>\n<meta property=\"og:locale\" content=\"fr_CA\" \/>\n<meta property=\"og:type\" content=\"article\" \/>\n<meta property=\"og:title\" content=\"Postuler pour un emploi de livreur r\u00e9gion de Qu\u00e9bec\" \/>\n<meta property=\"og:description\" content=\"Emploi physique, mais pas trop, \u00e0 l\u2019ext\u00e9rieur, au volant d\u2019un camion r\u00e9cent et avec de belles conditions de travail\" \/>\n<meta property=\"og:url\" content=\"https:\/\/sanibleu.com\/carriere\/candidature-spontanee\/\" \/>\n<meta property=\"og:site_name\" content=\"Sani Bleu\" \/>\n<meta property=\"article:modified_time\" content=\"2025-09-15T18:19:12+00:00\" \/>\n<meta property=\"og:image\" content=\"https:\/\/sanibleu.com\/carriere\/wp-content\/uploads\/2022\/07\/image-de-partage-sani-bleu.png\" \/>\n\t<meta property=\"og:image:width\" content=\"1200\" \/>\n\t<meta property=\"og:image:height\" content=\"630\" \/>\n\t<meta property=\"og:image:type\" content=\"image\/png\" \/>\n<meta name=\"twitter:card\" content=\"summary_large_image\" \/>\n<meta name=\"twitter:label1\" content=\"Estimation du temps de lecture\" \/>\n\t<meta name=\"twitter:data1\" content=\"1 minute\" \/>\n<script type=\"application\/ld+json\" class=\"yoast-schema-graph\">{\"@context\":\"https:\/\/schema.org\",\"@graph\":[{\"@type\":\"WebSite\",\"@id\":\"https:\/\/sanibleu.com\/carriere\/#website\",\"url\":\"https:\/\/sanibleu.com\/carriere\/\",\"name\":\"Sani Bleu\",\"description\":\"\",\"potentialAction\":[{\"@type\":\"SearchAction\",\"target\":{\"@type\":\"EntryPoint\",\"urlTemplate\":\"https:\/\/sanibleu.com\/carriere\/?s={search_term_string}\"},\"query-input\":\"required name=search_term_string\"}],\"inLanguage\":\"fr-CA\"},{\"@type\":\"ImageObject\",\"inLanguage\":\"fr-CA\",\"@id\":\"https:\/\/sanibleu.com\/carriere\/candidature-spontanee\/#primaryimage\",\"url\":\"https:\/\/sanibleu.com\/carriere\/wp-content\/uploads\/2022\/07\/image-de-partage-sani-bleu.png\",\"contentUrl\":\"https:\/\/sanibleu.com\/carriere\/wp-content\/uploads\/2022\/07\/image-de-partage-sani-bleu.png\",\"width\":1200,\"height\":630},{\"@type\":\"WebPage\",\"@id\":\"https:\/\/sanibleu.com\/carriere\/candidature-spontanee\/#webpage\",\"url\":\"https:\/\/sanibleu.com\/carriere\/candidature-spontanee\/\",\"name\":\"Postuler pour un emploi de livreur r\u00e9gion de Qu\u00e9bec\",\"isPartOf\":{\"@id\":\"https:\/\/sanibleu.com\/carriere\/#website\"},\"primaryImageOfPage\":{\"@id\":\"https:\/\/sanibleu.com\/carriere\/candidature-spontanee\/#primaryimage\"},\"datePublished\":\"2022-04-26T23:37:29+00:00\",\"dateModified\":\"2025-09-15T18:19:12+00:00\",\"description\":\"Emploi physique, mais pas trop, \u00e0 l\u2019ext\u00e9rieur, au volant d\u2019un camion r\u00e9cent et avec de belles conditions de travail\",\"breadcrumb\":{\"@id\":\"https:\/\/sanibleu.com\/carriere\/candidature-spontanee\/#breadcrumb\"},\"inLanguage\":\"fr-CA\",\"potentialAction\":[{\"@type\":\"ReadAction\",\"target\":[\"https:\/\/sanibleu.com\/carriere\/candidature-spontanee\/\"]}]},{\"@type\":\"BreadcrumbList\",\"@id\":\"https:\/\/sanibleu.com\/carriere\/candidature-spontanee\/#breadcrumb\",\"itemListElement\":[{\"@type\":\"ListItem\",\"position\":1,\"name\":\"Accueil\",\"item\":\"https:\/\/sanibleu.com\/carriere\/\"},{\"@type\":\"ListItem\",\"position\":2,\"name\":\"Candidature spontan\u00e9e\"}]}]}<\/script>\n<!-- \/ Yoast SEO plugin. -->","yoast_head_json":{"title":"Postuler pour un emploi de livreur r\u00e9gion de Qu\u00e9bec","description":"Emploi physique, mais pas trop, \u00e0 l\u2019ext\u00e9rieur, au volant d\u2019un camion r\u00e9cent et avec de belles conditions de travail","robots":{"index":"index","follow":"follow","max-snippet":"max-snippet:-1","max-image-preview":"max-image-preview:large","max-video-preview":"max-video-preview:-1"},"canonical":"https:\/\/sanibleu.com\/carriere\/candidature-spontanee\/","og_locale":"fr_CA","og_type":"article","og_title":"Postuler pour un emploi de livreur r\u00e9gion de Qu\u00e9bec","og_description":"Emploi physique, mais pas trop, \u00e0 l\u2019ext\u00e9rieur, au volant d\u2019un camion r\u00e9cent et avec de belles conditions de travail","og_url":"https:\/\/sanibleu.com\/carriere\/candidature-spontanee\/","og_site_name":"Sani Bleu","article_modified_time":"2025-09-15T18:19:12+00:00","og_image":[{"width":1200,"height":630,"url":"https:\/\/sanibleu.com\/carriere\/wp-content\/uploads\/2022\/07\/image-de-partage-sani-bleu.png","type":"image\/png"}],"twitter_card":"summary_large_image","twitter_misc":{"Estimation du temps de lecture":"1 minute"},"schema":{"@context":"https:\/\/schema.org","@graph":[{"@type":"WebSite","@id":"https:\/\/sanibleu.com\/carriere\/#website","url":"https:\/\/sanibleu.com\/carriere\/","name":"Sani Bleu","description":"","potentialAction":[{"@type":"SearchAction","target":{"@type":"EntryPoint","urlTemplate":"https:\/\/sanibleu.com\/carriere\/?s={search_term_string}"},"query-input":"required name=search_term_string"}],"inLanguage":"fr-CA"},{"@type":"ImageObject","inLanguage":"fr-CA","@id":"https:\/\/sanibleu.com\/carriere\/candidature-spontanee\/#primaryimage","url":"https:\/\/sanibleu.com\/carriere\/wp-content\/uploads\/2022\/07\/image-de-partage-sani-bleu.png","contentUrl":"https:\/\/sanibleu.com\/carriere\/wp-content\/uploads\/2022\/07\/image-de-partage-sani-bleu.png","width":1200,"height":630},{"@type":"WebPage","@id":"https:\/\/sanibleu.com\/carriere\/candidature-spontanee\/#webpage","url":"https:\/\/sanibleu.com\/carriere\/candidature-spontanee\/","name":"Postuler pour un emploi de livreur r\u00e9gion de Qu\u00e9bec","isPartOf":{"@id":"https:\/\/sanibleu.com\/carriere\/#website"},"primaryImageOfPage":{"@id":"https:\/\/sanibleu.com\/carriere\/candidature-spontanee\/#primaryimage"},"datePublished":"2022-04-26T23:37:29+00:00","dateModified":"2025-09-15T18:19:12+00:00","description":"Emploi physique, mais pas trop, \u00e0 l\u2019ext\u00e9rieur, au volant d\u2019un camion r\u00e9cent et avec de belles conditions de travail","breadcrumb":{"@id":"https:\/\/sanibleu.com\/carriere\/candidature-spontanee\/#breadcrumb"},"inLanguage":"fr-CA","potentialAction":[{"@type":"ReadAction","target":["https:\/\/sanibleu.com\/carriere\/candidature-spontanee\/"]}]},{"@type":"BreadcrumbList","@id":"https:\/\/sanibleu.com\/carriere\/candidature-spontanee\/#breadcrumb","itemListElement":[{"@type":"ListItem","position":1,"name":"Accueil","item":"https:\/\/sanibleu.com\/carriere\/"},{"@type":"ListItem","position":2,"name":"Candidature spontan\u00e9e"}]}]}},"_links":{"self":[{"href":"https:\/\/sanibleu.com\/carriere\/wp-json\/wp\/v2\/pages\/19","targetHints":{"allow":["GET"]}}],"collection":[{"href":"https:\/\/sanibleu.com\/carriere\/wp-json\/wp\/v2\/pages"}],"about":[{"href":"https:\/\/sanibleu.com\/carriere\/wp-json\/wp\/v2\/types\/page"}],"author":[{"embeddable":true,"href":"https:\/\/sanibleu.com\/carriere\/wp-json\/wp\/v2\/users\/1"}],"replies":[{"embeddable":true,"href":"https:\/\/sanibleu.com\/carriere\/wp-json\/wp\/v2\/comments?post=19"}],"version-history":[{"count":10,"href":"https:\/\/sanibleu.com\/carriere\/wp-json\/wp\/v2\/pages\/19\/revisions"}],"predecessor-version":[{"id":1115,"href":"https:\/\/sanibleu.com\/carriere\/wp-json\/wp\/v2\/pages\/19\/revisions\/1115"}],"wp:attachment":[{"href":"https:\/\/sanibleu.com\/carriere\/wp-json\/wp\/v2\/media?parent=19"}],"curies":[{"name":"wp","href":"https:\/\/api.w.org\/{rel}","templated":true}]}}