{"id":2,"date":"2022-04-15T15:28:25","date_gmt":"2022-04-15T15:28:25","guid":{"rendered":"https:\/\/sanibleu.com\/carriere\/?page_id=2"},"modified":"2025-09-15T14:18:58","modified_gmt":"2025-09-15T18:18:58","slug":"page-d-exemple","status":"publish","type":"page","link":"https:\/\/sanibleu.com\/carriere\/","title":{"rendered":"SMRH Accueil"},"content":{"rendered":"\n<h1 class=\"main_title wp-block-heading\">L\u2019histoire de confiance derri\u00e8re les apparences<\/h1>\n\n\n\n<p>Fond\u00e9e en 1991 sous le nom de Sani Jet Plus, l\u2019entreprise n\u2019a cess\u00e9 de grandir. Aujourd\u2019hui, c\u2019est une vingtaine d\u2019employ\u00e9s qui d\u00e9ploient les services d\u2019hygi\u00e8ne dans un rayon de 100 km autour de Qu\u00e9bec.<\/p>\n\n\n\n<p>Sp\u00e9cialis\u00e9e dans la location et l\u2019entretien de toilettes portables ainsi que d\u2019\u00e9viers pour des \u00e9v\u00e9nements de toute envergure et de chantiers de construction, petits ou grands, Sani Bleu c\u2019est aussi un acteur impliqu\u00e9 dans sa communaut\u00e9 par sa contribution \u00e0 des causes telles qu\u2019Op\u00e9ration Enfant-Soleil, le Relais pour la vie ainsi que des festivals locaux.<\/p>\n","protected":false},"excerpt":{"rendered":"<p>L\u2019histoire de confiance derri\u00e8re les apparences Fond\u00e9e en 1991 sous le nom de Sani Jet Plus, l\u2019entreprise n\u2019a cess\u00e9 de grandir. Aujourd\u2019hui, c\u2019est une vingtaine d\u2019employ\u00e9s qui d\u00e9ploient les services d\u2019hygi\u00e8ne dans un rayon de 100 km autour de Qu\u00e9bec. Sp\u00e9cialis\u00e9e dans la location et l\u2019entretien de toilettes portables ainsi que d\u2019\u00e9viers pour des \u00e9v\u00e9nements [&hellip;]<\/p>\n","protected":false},"author":1,"featured_media":0,"parent":0,"menu_order":1,"comment_status":"closed","ping_status":"open","template":"page-smrh.php","meta":{"footnotes":""},"class_list":["post-2","page","type-page","status-publish","hentry"],"acf":[],"yoast_head":"<!-- This site is optimized with the Yoast SEO plugin v18.8 - https:\/\/yoast.com\/wordpress\/plugins\/seo\/ -->\n<title>Emploi \u00e0 L\u00e9vis : travailler chez Sani Bleu<\/title>\n<meta name=\"description\" content=\"Entreprise en croissance, emploi sur la route, en parfaite autonomie, avec des avantages \u00e0 consid\u00e9rer\" \/>\n<meta name=\"robots\" content=\"index, follow, max-snippet:-1, max-image-preview:large, max-video-preview:-1\" \/>\n<link rel=\"canonical\" href=\"https:\/\/sanibleu.com\/carriere\/\" \/>\n<meta property=\"og:locale\" content=\"fr_CA\" \/>\n<meta property=\"og:type\" content=\"article\" \/>\n<meta property=\"og:title\" content=\"Emploi \u00e0 L\u00e9vis : travailler chez Sani Bleu\" \/>\n<meta property=\"og:description\" content=\"Entreprise en croissance, emploi sur la route, en parfaite autonomie, avec des avantages \u00e0 consid\u00e9rer\" \/>\n<meta property=\"og:url\" content=\"https:\/\/sanibleu.com\/carriere\/\" \/>\n<meta property=\"og:site_name\" content=\"Sani Bleu\" \/>\n<meta property=\"article:modified_time\" content=\"2025-09-15T18:18:58+00:00\" \/>\n<meta property=\"og:image\" content=\"https:\/\/sanibleu.com\/carriere\/wp-content\/uploads\/2022\/07\/image-de-partage-sani-bleu.png\" \/>\n\t<meta property=\"og:image:width\" content=\"1200\" \/>\n\t<meta property=\"og:image:height\" content=\"630\" \/>\n\t<meta property=\"og:image:type\" content=\"image\/png\" \/>\n<meta name=\"twitter:card\" content=\"summary_large_image\" \/>\n<meta name=\"twitter:label1\" content=\"Estimation du temps de lecture\" \/>\n\t<meta name=\"twitter:data1\" content=\"1 minute\" \/>\n<script type=\"application\/ld+json\" class=\"yoast-schema-graph\">{\"@context\":\"https:\/\/schema.org\",\"@graph\":[{\"@type\":\"WebSite\",\"@id\":\"https:\/\/sanibleu.com\/carriere\/#website\",\"url\":\"https:\/\/sanibleu.com\/carriere\/\",\"name\":\"Sani Bleu\",\"description\":\"\",\"potentialAction\":[{\"@type\":\"SearchAction\",\"target\":{\"@type\":\"EntryPoint\",\"urlTemplate\":\"https:\/\/sanibleu.com\/carriere\/?s={search_term_string}\"},\"query-input\":\"required name=search_term_string\"}],\"inLanguage\":\"fr-CA\"},{\"@type\":\"ImageObject\",\"inLanguage\":\"fr-CA\",\"@id\":\"https:\/\/sanibleu.com\/carriere\/#primaryimage\",\"url\":\"https:\/\/sanibleu.com\/carriere\/wp-content\/uploads\/2022\/07\/image-de-partage-sani-bleu.png\",\"contentUrl\":\"https:\/\/sanibleu.com\/carriere\/wp-content\/uploads\/2022\/07\/image-de-partage-sani-bleu.png\",\"width\":1200,\"height\":630},{\"@type\":\"WebPage\",\"@id\":\"https:\/\/sanibleu.com\/carriere\/#webpage\",\"url\":\"https:\/\/sanibleu.com\/carriere\/\",\"name\":\"Emploi \u00e0 L\u00e9vis : travailler chez Sani Bleu\",\"isPartOf\":{\"@id\":\"https:\/\/sanibleu.com\/carriere\/#website\"},\"primaryImageOfPage\":{\"@id\":\"https:\/\/sanibleu.com\/carriere\/#primaryimage\"},\"datePublished\":\"2022-04-15T15:28:25+00:00\",\"dateModified\":\"2025-09-15T18:18:58+00:00\",\"description\":\"Entreprise en croissance, emploi sur la route, en parfaite autonomie, avec des avantages \u00e0 consid\u00e9rer\",\"breadcrumb\":{\"@id\":\"https:\/\/sanibleu.com\/carriere\/#breadcrumb\"},\"inLanguage\":\"fr-CA\",\"potentialAction\":[{\"@type\":\"ReadAction\",\"target\":[\"https:\/\/sanibleu.com\/carriere\/\"]}]},{\"@type\":\"BreadcrumbList\",\"@id\":\"https:\/\/sanibleu.com\/carriere\/#breadcrumb\",\"itemListElement\":[{\"@type\":\"ListItem\",\"position\":1,\"name\":\"Accueil\",\"item\":\"https:\/\/sanibleu.com\/carriere\/\"},{\"@type\":\"ListItem\",\"position\":2,\"name\":\"SMRH Accueil\"}]}]}<\/script>\n<!-- \/ Yoast SEO plugin. -->","yoast_head_json":{"title":"Emploi \u00e0 L\u00e9vis : travailler chez Sani Bleu","description":"Entreprise en croissance, emploi sur la route, en parfaite autonomie, avec des avantages \u00e0 consid\u00e9rer","robots":{"index":"index","follow":"follow","max-snippet":"max-snippet:-1","max-image-preview":"max-image-preview:large","max-video-preview":"max-video-preview:-1"},"canonical":"https:\/\/sanibleu.com\/carriere\/","og_locale":"fr_CA","og_type":"article","og_title":"Emploi \u00e0 L\u00e9vis : travailler chez Sani Bleu","og_description":"Entreprise en croissance, emploi sur la route, en parfaite autonomie, avec des avantages \u00e0 consid\u00e9rer","og_url":"https:\/\/sanibleu.com\/carriere\/","og_site_name":"Sani Bleu","article_modified_time":"2025-09-15T18:18:58+00:00","og_image":[{"width":1200,"height":630,"url":"https:\/\/sanibleu.com\/carriere\/wp-content\/uploads\/2022\/07\/image-de-partage-sani-bleu.png","type":"image\/png"}],"twitter_card":"summary_large_image","twitter_misc":{"Estimation du temps de lecture":"1 minute"},"schema":{"@context":"https:\/\/schema.org","@graph":[{"@type":"WebSite","@id":"https:\/\/sanibleu.com\/carriere\/#website","url":"https:\/\/sanibleu.com\/carriere\/","name":"Sani Bleu","description":"","potentialAction":[{"@type":"SearchAction","target":{"@type":"EntryPoint","urlTemplate":"https:\/\/sanibleu.com\/carriere\/?s={search_term_string}"},"query-input":"required name=search_term_string"}],"inLanguage":"fr-CA"},{"@type":"ImageObject","inLanguage":"fr-CA","@id":"https:\/\/sanibleu.com\/carriere\/#primaryimage","url":"https:\/\/sanibleu.com\/carriere\/wp-content\/uploads\/2022\/07\/image-de-partage-sani-bleu.png","contentUrl":"https:\/\/sanibleu.com\/carriere\/wp-content\/uploads\/2022\/07\/image-de-partage-sani-bleu.png","width":1200,"height":630},{"@type":"WebPage","@id":"https:\/\/sanibleu.com\/carriere\/#webpage","url":"https:\/\/sanibleu.com\/carriere\/","name":"Emploi \u00e0 L\u00e9vis : travailler chez Sani Bleu","isPartOf":{"@id":"https:\/\/sanibleu.com\/carriere\/#website"},"primaryImageOfPage":{"@id":"https:\/\/sanibleu.com\/carriere\/#primaryimage"},"datePublished":"2022-04-15T15:28:25+00:00","dateModified":"2025-09-15T18:18:58+00:00","description":"Entreprise en croissance, emploi sur la route, en parfaite autonomie, avec des avantages \u00e0 consid\u00e9rer","breadcrumb":{"@id":"https:\/\/sanibleu.com\/carriere\/#breadcrumb"},"inLanguage":"fr-CA","potentialAction":[{"@type":"ReadAction","target":["https:\/\/sanibleu.com\/carriere\/"]}]},{"@type":"BreadcrumbList","@id":"https:\/\/sanibleu.com\/carriere\/#breadcrumb","itemListElement":[{"@type":"ListItem","position":1,"name":"Accueil","item":"https:\/\/sanibleu.com\/carriere\/"},{"@type":"ListItem","position":2,"name":"SMRH Accueil"}]}]}},"_links":{"self":[{"href":"https:\/\/sanibleu.com\/carriere\/wp-json\/wp\/v2\/pages\/2","targetHints":{"allow":["GET"]}}],"collection":[{"href":"https:\/\/sanibleu.com\/carriere\/wp-json\/wp\/v2\/pages"}],"about":[{"href":"https:\/\/sanibleu.com\/carriere\/wp-json\/wp\/v2\/types\/page"}],"author":[{"embeddable":true,"href":"https:\/\/sanibleu.com\/carriere\/wp-json\/wp\/v2\/users\/1"}],"replies":[{"embeddable":true,"href":"https:\/\/sanibleu.com\/carriere\/wp-json\/wp\/v2\/comments?post=2"}],"version-history":[{"count":9,"href":"https:\/\/sanibleu.com\/carriere\/wp-json\/wp\/v2\/pages\/2\/revisions"}],"predecessor-version":[{"id":1114,"href":"https:\/\/sanibleu.com\/carriere\/wp-json\/wp\/v2\/pages\/2\/revisions\/1114"}],"wp:attachment":[{"href":"https:\/\/sanibleu.com\/carriere\/wp-json\/wp\/v2\/media?parent=2"}],"curies":[{"name":"wp","href":"https:\/\/api.w.org\/{rel}","templated":true}]}}